{"id":58,"date":"2021-11-27T11:27:22","date_gmt":"2021-11-27T11:27:22","guid":{"rendered":"https:\/\/fastwpdemo.com\/demo\/givinghand\/?page_id=58"},"modified":"2021-11-27T11:27:22","modified_gmt":"2021-11-27T11:27:22","slug":"contact-us","status":"publish","type":"page","link":"http:\/\/ht2techinfo.cd\/p\/silv\/contact-us\/","title":{"rendered":"Contact Us"},"content":{"rendered":"\t\t<div data-elementor-type=\"wp-page\" data-elementor-id=\"58\" class=\"elementor elementor-58\">\n\t\t\t\t\t\t<section class=\"elementor-section elementor-top-section elementor-element elementor-element-b572ab8 elementor-section-full_width elementor-section-height-default elementor-section-height-default\" data-id=\"b572ab8\" data-element_type=\"section\">\n\t\t\t\t\t\t<div class=\"elementor-container elementor-column-gap-default\">\n\t\t\t\t\t<div class=\"elementor-column elementor-col-100 elementor-top-column elementor-element elementor-element-b5234fa\" data-id=\"b5234fa\" data-element_type=\"column\">\n\t\t\t<div class=\"elementor-widget-wrap elementor-element-populated\">\n\t\t\t\t\t\t<div class=\"elementor-element elementor-element-40cec28 elementor-widget elementor-widget-givinghand_contact_us_v2\" data-id=\"40cec28\" data-element_type=\"widget\" data-widget_type=\"givinghand_contact_us_v2.default\">\n\t\t\t\t<div class=\"elementor-widget-container\">\n\t\t\t\t\t    \n    <section class=\"contact-section extended\" style=\"background-image:url(http:\/\/ht2techinfo.cd\/p\/silv\/wp-content\/uploads\/2021\/12\/map-image.jpg);\">\n    \t<div class=\"auto-container\">\n\t\t\t<div class=\"inner-container\">\n                   \t\n                <div class=\"sec-title text-center\">\n                    <div class=\"text\">Lorem ipsum dolor sit amet, quas elitr voluptaria ei eos. Quo eu decore nusquam iudicabit, eos an aliquam maiorum. Ei eum simul integre, no eum quem fabellas, duo phaedrum consequat efficiantur ex. Ne vis nusquam. <\/div>\n                <\/div>\n                                <!--Contact Info-->\n                <div class=\"contact-info row clearfix\">\n                \t                \t<!--Info COlumn-->\n                    <div class=\"info-column col-lg-4 col-md-6 col-xs-12\">\n                    \t<div class=\"inner-box\">\n                        \t<div class=\"icon\"><span class=\"flaticon-location\"><\/span><\/div>\n                            <h4>Address<\/h4>\n                            Mirpur New Bazar Road,<br>  Block-c, Dhaka-1210                        <\/div>\n                    <\/div>\n                \t                \t<!--Info COlumn-->\n                    <div class=\"info-column col-lg-4 col-md-6 col-xs-12\">\n                    \t<div class=\"inner-box\">\n                        \t<div class=\"icon\"><span class=\"flaticon-technology\"><\/span><\/div>\n                            <h4>Phone No<\/h4>\n                            (732) 803-01 03, (732) 806-01 04, (880)172380129                        <\/div>\n                    <\/div>\n                \t                \t<!--Info COlumn-->\n                    <div class=\"info-column col-lg-4 col-md-6 col-xs-12\">\n                    \t<div class=\"inner-box\">\n                        \t<div class=\"icon\"><span class=\"flaticon-interface\"><\/span><\/div>\n                            <h4>Email Address<\/h4>\n                            <a href=\"mailto:info@companyname.com\">info@companyname.com<\/a>,  <br> <a href=\"mailto:info@example.com\">info@example.com<\/a>                        <\/div>\n                    <\/div>\n                \t    \n                <\/div>\n                                <!--Form Container-->\n                <div class=\"contact-form-container wow zoomInStable\" data-wow-delay=\"0ms\" data-wow-duration=\"2500ms\">\n                \t\n<div class=\"wpcf7 no-js\" id=\"wpcf7-f340-o1\" lang=\"en-US\" dir=\"ltr\" data-wpcf7-id=\"340\">\n<div class=\"screen-reader-response\"><p role=\"status\" aria-live=\"polite\" aria-atomic=\"true\"><\/p> <ul><\/ul><\/div>\n<form action=\"\/p\/silv\/wp-json\/wp\/v2\/pages\/58#wpcf7-f340-o1\" method=\"post\" class=\"wpcf7-form init\" aria-label=\"Contact form\" novalidate=\"novalidate\" data-status=\"init\">\n<div style=\"display: none;\">\n<input type=\"hidden\" name=\"_wpcf7\" value=\"340\" \/>\n<input type=\"hidden\" name=\"_wpcf7_version\" value=\"6.0.6\" \/>\n<input type=\"hidden\" name=\"_wpcf7_locale\" value=\"en_US\" \/>\n<input type=\"hidden\" name=\"_wpcf7_unit_tag\" value=\"wpcf7-f340-o1\" \/>\n<input type=\"hidden\" name=\"_wpcf7_container_post\" value=\"0\" \/>\n<input type=\"hidden\" name=\"_wpcf7_posted_data_hash\" value=\"\" \/>\n<\/div>\n<div class=\"row clearfix\">\n\t<div class=\"column col-md-6 col-sm-12 col-xs-12\">\n\t\t<div class=\"form-group\">\n\t\t\t<p><span class=\"wpcf7-form-control-wrap\" data-name=\"text-143\"><input size=\"40\" maxlength=\"400\" class=\"wpcf7-form-control wpcf7-text\" aria-invalid=\"false\" placeholder=\"Votre nom\" value=\"\" type=\"text\" name=\"text-143\" \/><\/span>\n\t\t\t<\/p>\n\t\t<\/div>\n\t\t<div class=\"form-group\">\n\t\t\t<p><span class=\"wpcf7-form-control-wrap\" data-name=\"email-781\"><input size=\"40\" maxlength=\"400\" class=\"wpcf7-form-control wpcf7-email wpcf7-validates-as-required wpcf7-text wpcf7-validates-as-email\" aria-required=\"true\" aria-invalid=\"false\" placeholder=\"Votre Email\" value=\"\" type=\"email\" name=\"email-781\" \/><\/span>\n\t\t\t<\/p>\n\t\t<\/div>\n\t\t<div class=\"form-group\">\n\t\t\t<p><span class=\"wpcf7-form-control-wrap\" data-name=\"text-144\"><input size=\"40\" maxlength=\"400\" class=\"wpcf7-form-control wpcf7-text\" aria-invalid=\"false\" placeholder=\"Votre Num\u00e9ro de T\u00e9l\u00e9phone\" value=\"\" type=\"text\" name=\"text-144\" \/><\/span>\n\t\t\t<\/p>\n\t\t<\/div>\n\t<\/div>\n\t<div class=\"column col-md-6 col-sm-12 col-xs-12\">\n\t\t<div class=\"form-group\">\n\t\t\t<p><span class=\"wpcf7-form-control-wrap\" data-name=\"textarea-76\"><textarea cols=\"40\" rows=\"10\" maxlength=\"2000\" class=\"wpcf7-form-control wpcf7-textarea\" aria-invalid=\"false\" placeholder=\"Votre Message\" name=\"textarea-76\"><\/textarea><\/span>\n\t\t\t<\/p>\n\t\t<\/div>\n\t<\/div>\n\t<div class=\"form-group col-md-12 col-xs-12\">\n\t\t<div class=\"text-center\">\n\t\t\t<p><button type=\"submit\" name=\"submit\" class=\"theme-btn btn-style-two\">Envoy\u00e9 le Message<\/button>\n\t\t\t<\/p>\n\t\t<\/div>\n\t<\/div>\n<\/div><div class=\"wpcf7-response-output\" aria-hidden=\"true\"><\/div>\n<\/form>\n<\/div>\n                <\/div>\n                            <\/div>\n        <\/div>\n    <\/section>\n \n     \t\t\t\t<\/div>\n\t\t\t\t<\/div>\n\t\t\t\t\t<\/div>\n\t\t<\/div>\n\t\t\t\t\t<\/div>\n\t\t<\/section>\n\t\t\t\t<section class=\"elementor-section elementor-top-section elementor-element elementor-element-0dbddfd elementor-section-full_width elementor-section-height-default elementor-section-height-default\" data-id=\"0dbddfd\" data-element_type=\"section\">\n\t\t\t\t\t\t<div class=\"elementor-container elementor-column-gap-default\">\n\t\t\t\t\t<div class=\"elementor-column elementor-col-100 elementor-top-column elementor-element elementor-element-3ca4429\" data-id=\"3ca4429\" data-element_type=\"column\">\n\t\t\t<div class=\"elementor-widget-wrap elementor-element-populated\">\n\t\t\t\t\t\t<div class=\"elementor-element elementor-element-4f1092f elementor-widget elementor-widget-givinghand_subscribe_newsletter\" data-id=\"4f1092f\" data-element_type=\"widget\" data-widget_type=\"givinghand_subscribe_newsletter.default\">\n\t\t\t\t<div class=\"elementor-widget-container\">\n\t\t\t\t\t\t\n\t<section class=\"subscribe-intro\">\n    \t<div class=\"auto-container\">\n        \t<div class=\"row clearfix\">\n            \t            \t<!--Column-->\n                <div class=\"column col-md-6 col-sm-12 col-xs-12\">\n                \t<h2>Subcribe for Newsletter<\/h2>                    There are many variations of passages of Lorem Ipsum available but the majority have \n                <\/div>\n                <!--Column-->\n            \t    \n                                <div class=\"column col-md-6 col-sm-12 col-xs-12\">\n                \t<div class=\"form-column\">\n                        <div class=\"subscribe-form\">\n                            <script>(function() {\n\twindow.mc4wp = window.mc4wp || {\n\t\tlisteners: [],\n\t\tforms: {\n\t\t\ton: function(evt, cb) {\n\t\t\t\twindow.mc4wp.listeners.push(\n\t\t\t\t\t{\n\t\t\t\t\t\tevent   : evt,\n\t\t\t\t\t\tcallback: cb\n\t\t\t\t\t}\n\t\t\t\t);\n\t\t\t}\n\t\t}\n\t}\n})();\n<\/script><!-- Mailchimp for WordPress v4.10.1 - https:\/\/wordpress.org\/plugins\/mailchimp-for-wp\/ --><form id=\"mc4wp-form-1\" class=\"mc4wp-form mc4wp-form-526\" method=\"post\" data-id=\"526\" data-name=\"\" ><div class=\"mc4wp-form-fields\"><div class=\"form-group\">\r\n<input type=\"email\" name=\"EMAIL\" placeholder=\"Your email address\" required \/>\r\n<button type=\"button\" id=\"subscribe-newslatters\" class=\"theme-btn btn-style-one\">Subscribe<\/button>\r\n<\/div><\/div><label style=\"display: none !important;\">Laissez ce champ vide si vous \u00eates humain\u00a0: <input type=\"text\" name=\"_mc4wp_honeypot\" value=\"\" tabindex=\"-1\" autocomplete=\"off\" \/><\/label><input type=\"hidden\" name=\"_mc4wp_timestamp\" value=\"1775241694\" \/><input type=\"hidden\" name=\"_mc4wp_form_id\" value=\"526\" \/><input type=\"hidden\" name=\"_mc4wp_form_element_id\" value=\"mc4wp-form-1\" \/><div class=\"mc4wp-response\"><\/div><\/form><!-- \/ Mailchimp for WordPress Plugin -->                        <\/div>\n                    <\/div>\n                <\/div>\n                            <\/div>\n        <\/div>\n    <\/section>\n    \t\t\t\t<\/div>\n\t\t\t\t<\/div>\n\t\t\t\t\t<\/div>\n\t\t<\/div>\n\t\t\t\t\t<\/div>\n\t\t<\/section>\n\t\t\t\t<\/div>\n\t\t","protected":false},"excerpt":{"rendered":"<p>Lorem ipsum dolor sit amet, quas elitr voluptaria ei eos. Quo eu decore nusquam iudicabit, eos an aliquam maiorum. Ei eum simul integre, no eum quem fabellas, duo phaedrum consequat [&hellip;]<\/p>\n","protected":false},"author":1,"featured_media":0,"parent":0,"menu_order":0,"comment_status":"closed","ping_status":"closed","template":"tpl-default-elementor.php","meta":{"footnotes":""},"class_list":["post-58","page","type-page","status-publish","hentry"],"_links":{"self":[{"href":"http:\/\/ht2techinfo.cd\/p\/silv\/wp-json\/wp\/v2\/pages\/58","targetHints":{"allow":["GET"]}}],"collection":[{"href":"http:\/\/ht2techinfo.cd\/p\/silv\/wp-json\/wp\/v2\/pages"}],"about":[{"href":"http:\/\/ht2techinfo.cd\/p\/silv\/wp-json\/wp\/v2\/types\/page"}],"author":[{"embeddable":true,"href":"http:\/\/ht2techinfo.cd\/p\/silv\/wp-json\/wp\/v2\/users\/1"}],"replies":[{"embeddable":true,"href":"http:\/\/ht2techinfo.cd\/p\/silv\/wp-json\/wp\/v2\/comments?post=58"}],"version-history":[{"count":0,"href":"http:\/\/ht2techinfo.cd\/p\/silv\/wp-json\/wp\/v2\/pages\/58\/revisions"}],"wp:attachment":[{"href":"http:\/\/ht2techinfo.cd\/p\/silv\/wp-json\/wp\/v2\/media?parent=58"}],"curies":[{"name":"wp","href":"https:\/\/api.w.org\/{rel}","templated":true}]}}