{"id":1984,"date":"2017-10-05T10:04:19","date_gmt":"2017-10-05T10:04:19","guid":{"rendered":"https:\/\/ht2techinfo.cd\/p\/fomin\/?page_id=1984"},"modified":"2024-03-13T21:16:18","modified_gmt":"2024-03-13T20:16:18","slug":"home-4","status":"publish","type":"page","link":"https:\/\/ht2techinfo.cd\/p\/fomin\/","title":{"rendered":"Home  4"},"content":{"rendered":"<section class=\"wpb-content-wrapper\"><p>[vc_row][vc_column el_class=\u00a0\u00bbslider-height\u00a0\u00bb][layerslider_vc id=\u00a0\u00bb9&Prime;][\/vc_column][\/vc_row][vc_row css=\u00a0\u00bb.vc_custom_1702571902231{padding-top: 20px !important;padding-bottom: 20px !important;}\u00a0\u00bb][vc_column width=\u00a0\u00bb1\/3&Prime;]<div class=\"rt-infobox-10  layout4\" style=\"\" data-color=\"#dd3333\" data-hover=\"#000000\" data-title-color=\"#dd3333\" data-title-hover=\"#cf9455\">\n\t<div class=\"rtin-info-icon\">\n\t\t<a style=\"background:\" href=\"\"><i class=\"flaticon-finance-avatar\" aria-hidden=\"true\" style=\"color: #dd3333;\"><\/i><\/a>\n\t<\/div>\n\t<h3 style=\"\">LE FOMIN<\/h3>\n\t<span style=\"\"><\/span>\n\t<div style=\"\">Le Fonds Minier pour les G\u00e9n\u00e9rations Futures est un Fonds Souverain Congolais institu\u00e9 par l\u2019article 8 bis du nouveau Code Minier du 9 mars 2018. Dans l\u2019application du code minier<\/div>\n<\/div>[\/vc_column][vc_column width=\u00a0\u00bb1\/3&Prime;]<div class=\"rt-infobox-10  layout4\" style=\"\" data-color=\"#dd3333\" data-hover=\"#000000\" data-title-color=\"#dd3333\" data-title-hover=\"#cf9455\">\n\t<div class=\"rtin-info-icon\">\n\t\t<a style=\"background:\" href=\"\"><i class=\"flaticon-finance-get-money\" aria-hidden=\"true\" style=\"color: #dd3333;\"><\/i><\/a>\n\t<\/div>\n\t<h3 style=\"\">NOS ATTRIBUTIONS<\/h3>\n\t<span style=\"\"><\/span>\n\t<div style=\"\">I am Info Text block. Click edit button to change this text. Lorem ipsum dolor sit amet, consectetur adipiscing elit. Ut elit tellus, luctus nec ullamcorper mattis, pulvinar dapibus leo.<\/div>\n<\/div>[\/vc_column][vc_column width=\u00a0\u00bb1\/3&Prime;]<div class=\"rt-infobox-10  layout4\" style=\"\" data-color=\"#dd3333\" data-hover=\"#000000\" data-title-color=\"#dd3333\" data-title-hover=\"#cf9455\">\n\t<div class=\"rtin-info-icon\">\n\t\t<a style=\"background:\" href=\"\"><i class=\"flaticon-custom-target\" aria-hidden=\"true\" style=\"color: #dd3333;\"><\/i><\/a>\n\t<\/div>\n\t<h3 style=\"\">NOTRE MISSION<\/h3>\n\t<span style=\"\"><\/span>\n\t<div style=\"\">Le FOMIN a pour mission principale de constituer des richesses mat\u00e9rielles et\/ou financi\u00e8res en nature ou en num\u00e9raire, pour garantir l\u2019apr\u00e8s mine, en faveur des g\u00e9n\u00e9rations futures.<\/div>\n<\/div>[\/vc_column][\/vc_row][vc_row full_width=\u00a0\u00bbstretch_row\u00a0\u00bb css=\u00a0\u00bb.vc_custom_1702574498290{padding-top: 60px !important;padding-right: 60px !important;padding-bottom: 60px !important;padding-left: 60px !important;background-image: url(https:\/\/ht2techinfo.cd\/p\/fomin\/wp-content\/uploads\/2023\/12\/wealth-building-.png?id=2954) !important;background-position: center !important;background-repeat: no-repeat !important;background-size: cover !important;}\u00a0\u00bb][vc_column]<div class=\"\" style=\"text-align: center;\">\r\n\t<div class=\"rt-text-with-btn\">\r\n\t\t\t\t<div class=\"content-area\">\r\n\t\t\t\t\t<h3 style=\"color: #dd5252; font-size: 26px; font-weight:500\">Nous agissons maintenant pour les g\u00e9n\u00e9rations futures<\/h3>\r\n\t\t\t\t\t\t\t\t\t<a class=\"dark-button\" href=\"#\">Make An Appointment<\/a>\r\n\t\t\t\t<\/div>\r\n\t<\/div>\r\n<\/div>[\/vc_column][\/vc_row][vc_row css=\u00a0\u00bb.vc_custom_1515503442379{padding-top: 53px !important;padding-bottom: 60px !important;}\u00a0\u00bb][vc_column width=\u00a0\u00bb7\/12&Prime;][vc_column_text css=\u00a0\u00bb.vc_custom_1702573254247{padding-bottom: 35px !important;}\u00a0\u00bb]<\/p>\n<h2 class=\"big-title\">NOS ACTIONS<\/h2>\n<p>There are many variations of passages of Lorem Ipsum available, but the majority have suffhumouror randomised words which don&rsquo;t look ges of Lorem Ipsum available.[\/vc_column_text][vc_tta_tabs active_section=\u00a0\u00bb1&Prime; no_fill_content_area=\u00a0\u00bbtrue\u00a0\u00bb el_class=\u00a0\u00bbmiako-tab\u00a0\u00bb][vc_tta_section title=\u00a0\u00bbAtions1&Prime; tab_id=\u00a0\u00bb1507202414589-e21a6840-49ae\u00a0\u00bb][vc_column_text]<\/p>\n<h2><span class=\"miako-primary-color\">Les financements des recherches g\u00e9ologique<br \/>\n<\/span><\/h2>\n<p>Le Fonds Minier pour les G\u00e9n\u00e9rations Futures est un Fonds Souverain Congolais institu\u00e9 par l\u2019article 8 bis du nouveau Code Minier du 9 mars 2018. Dans l\u2019application du code minier, le Premier Ministre a pris le 25 novembre 2019 un D\u00e9cret portant statut, l\u2019organisation et le fonctionnement du FOMIN, l\u2019\u00e9rigeant en Institution Publique.<br \/>\nLes organes de contr\u00f4le du FOMIN : ils s\u2019occupent tour \u00e0 tour du contr\u00f4le administratif (tutelle du Ministre des Mines et de l\u2019Inspection G\u00e9n\u00e9rale des Finances), du contr\u00f4le juridictionnel par la Cour des Comptes et du contr\u00f4le parlementaire par l\u2019Assembl\u00e9e Nationale[\/vc_column_text][\/vc_tta_section][vc_tta_section title=\u00a0\u00bbAction2&Prime; tab_id=\u00a0\u00bb1507202414814-a07bf879-b5d3&Prime;][vc_column_text]<\/p>\n<h2><span class=\"miako-primary-color\">Les participations dans les entreprises mini\u00e8res<br \/>\n<\/span><\/h2>\n<p>Le Fonds Minier pour les G\u00e9n\u00e9rations Futures est un Fonds Souverain Congolais institu\u00e9 par l\u2019article 8 bis du nouveau Code Minier du 9 mars 2018. Dans l\u2019application du code minier, le Premier Ministre a pris le 25 novembre 2019 un D\u00e9cret portant statut, l\u2019organisation et le fonctionnement du FOMIN, l\u2019\u00e9rigeant en Institution Publique.<br \/>\nLes organes de contr\u00f4le du FOMIN : ils s\u2019occupent tour \u00e0 tour du contr\u00f4le administratif (tutelle du Ministre des Mines et de l\u2019Inspection G\u00e9n\u00e9rale des Finances), du contr\u00f4le juridictionnel par la Cour des Comptes et du contr\u00f4le parlementaire par l\u2019Assembl\u00e9e Nationale[\/vc_column_text][\/vc_tta_section][vc_tta_section title=\u00a0\u00bbAction3&Prime; tab_id=\u00a0\u00bb1507202609043-6207ba61-78ef\u00a0\u00bb][vc_column_text]<\/p>\n<h2><span class=\"miako-primary-color\">Financement PME<br \/>\n<\/span><\/h2>\n<p>Le Fonds Minier pour les G\u00e9n\u00e9rations Futures est un Fonds Souverain Congolais institu\u00e9 par l\u2019article 8 bis du nouveau Code Minier du 9 mars 2018. Dans l\u2019application du code minier, le Premier Ministre a pris le 25 novembre 2019 un D\u00e9cret portant statut, l\u2019organisation et le fonctionnement du FOMIN, l\u2019\u00e9rigeant en Institution Publique.<br \/>\nLes organes de contr\u00f4le du FOMIN : ils s\u2019occupent tour \u00e0 tour du contr\u00f4le administratif (tutelle du Ministre des Mines et de l\u2019Inspection G\u00e9n\u00e9rale des Finances), du contr\u00f4le juridictionnel par la Cour des Comptes et du contr\u00f4le parlementaire par l\u2019Assembl\u00e9e Nationale[\/vc_column_text][\/vc_tta_section][\/vc_tta_tabs][\/vc_column][vc_column width=\u00a0\u00bb5\/12&Prime;][vc_single_image image=\u00a0\u00bb2948&Prime; img_size=\u00a0\u00bbfull\u00a0\u00bb][\/vc_column][\/vc_row][vc_row full_width=\u00a0\u00bbstretch_row\u00a0\u00bb css=\u00a0\u00bb.vc_custom_1702574399205{padding-top: 75px !important;padding-bottom: 110px !important;background-image: url(https:\/\/ht2techinfo.cd\/p\/fomin\/wp-content\/uploads\/2023\/12\/gettyimages-621663486_0.jpg?id=2961) !important;}\u00a0\u00bb el_class=\u00a0\u00bbrt-text-advertise\u00a0\u00bb][vc_column][vc_column_text]<\/p>\n<h2>Ensemble <span class=\"miako-primary-color\">cultivons<\/span><br \/>\n<span class=\"miako-primary-color\">l&rsquo;avenir de nos enfants<br \/>\n<\/span><\/h2>\n<p>[\/vc_column_text][\/vc_column][\/vc_row][vc_row el_class=\u00a0\u00bbhide-row\u00a0\u00bb][vc_column]<div class=\"vc_custom_1507121899468\">\n\t<div class=\"rt-vc-title-2 rtin-section-title-center\">\n\t\t\t\t\t<h2 class=\"rt-section-title-vc title32 mitle28\" style=\"font-size:36px; color:#222222;\">OUR ATTORNEY<\/h2>\n\t\t\t\t\t<div class=\"rt-section-sub-title-vc\" style=\"width:60%; color:#444444;\">Lorem ipsum dolor sit amet, consectetur adipisicing elit. Obcaecati laborum ipsa, a voluptates libero possimus sapiente sint odit iusto blanditiis doloribus.<\/div>\n\t\t\t<\/div>\n<\/div>[\/vc_column][\/vc_row][vc_row full_width=\u00a0\u00bbstretch_row\u00a0\u00bb css=\u00a0\u00bb.vc_custom_1507121953877{padding-top: 55px !important;padding-bottom: 30px !important;background-color: #f9f9f9 !important;}\u00a0\u00bb][vc_column]<div class=\"\">\n\t<div class=\"rt-vc-title-2 rtin-section-title-center\">\n\t\t\t\t\t<h2 class=\"rt-section-title-vc title28 mitle28\" style=\"font-size:36px; color:#dd3333;\">Actualit\u00e9s des Fonds Minier<\/h2>\n\t\t\t<\/div>\n<\/div>[\/vc_column][\/vc_row][vc_row full_width=\u00a0\u00bbstretch_row\u00a0\u00bb css=\u00a0\u00bb.vc_custom_1507187390521{padding-bottom: 90px !important;background-color: #f9f9f9 !important;}\u00a0\u00bb][vc_column]<div class=\"rt-post-vc-section-3 owl-wrap rt-owl-nav-2  slider-nav-enabled\">\r\n\t<div class=\"owl-theme owl-carousel rt-owl-carousel\" data-carousel-options=\"{&quot;nav&quot;:true,&quot;navText&quot;:[&quot;&lt;i class=&#039;fa fa-angle-left&#039;&gt;&lt;\\\/i&gt;&quot;,&quot;&lt;i class=&#039;fa fa-angle-right&#039;&gt;&lt;\\\/i&gt;&quot;],&quot;dots&quot;:false,&quot;autoplay&quot;:true,&quot;autoplayTimeout&quot;:&quot;5000&quot;,&quot;autoplaySpeed&quot;:&quot;200&quot;,&quot;autoplayHoverPause&quot;:true,&quot;loop&quot;:true,&quot;margin&quot;:10,&quot;responsive&quot;:{&quot;0&quot;:{&quot;items&quot;:1},&quot;480&quot;:{&quot;items&quot;:2},&quot;768&quot;:{&quot;items&quot;:2},&quot;992&quot;:{&quot;items&quot;:2},&quot;1200&quot;:{&quot;items&quot;:3}}}\">\r\n\t\t\t\t\t\t\t\t\t<div class=\"rt-post-slider-3\">\r\n\t\t\t\t<div class=\"entry-thumbnail-area\">\r\n\t\t\t\t\t<a href=\"https:\/\/ht2techinfo.cd\/p\/fomin\/fonds-minier-pour-les-generations-futures-fomin\/\">\r\n\t\t\t\t\t\t\t\t\t\t\t<img width=\"370\" height=\"270\" src=\"https:\/\/ht2techinfo.cd\/p\/fomin\/wp-content\/uploads\/2023\/12\/RDC-Portrait-du-chef-de-lEtat-Fe\u0301lix-Antoine-Tshisekedi-370x270.jpg\" class=\"img-resfponsive wp-post-image\" alt=\"\" decoding=\"async\" loading=\"lazy\" srcset=\"https:\/\/ht2techinfo.cd\/p\/fomin\/wp-content\/uploads\/2023\/12\/RDC-Portrait-du-chef-de-lEtat-Fe\u0301lix-Antoine-Tshisekedi-370x270.jpg 370w, https:\/\/ht2techinfo.cd\/p\/fomin\/wp-content\/uploads\/2023\/12\/RDC-Portrait-du-chef-de-lEtat-Fe\u0301lix-Antoine-Tshisekedi-100x72.jpg 100w, https:\/\/ht2techinfo.cd\/p\/fomin\/wp-content\/uploads\/2023\/12\/RDC-Portrait-du-chef-de-lEtat-Fe\u0301lix-Antoine-Tshisekedi-560x410.jpg 560w\" sizes=\"(max-width: 370px) 100vw, 370px\" \/>\t\t\t\t\t<span class=\"post-date\">D\u00e9c 14, 2023<\/span><\/a>\r\n\t\t\t\t\t<ul class=\"\">\r\n\t\t\t\t\t\t\t\t\t\t\t\t<li class=\"active\">D\u00e9c 14, 2023<\/li>\r\n\t\t\t\t\t\t\t\t\t\t\r\n\t\t\t\t\t\t\t\t\t\t\t\t<li class=\"miako-author\"><i class=\"fa fa-user\" aria-hidden=\"true\"><\/i><span> By <\/span><a href=\"https:\/\/ht2techinfo.cd\/p\/fomin\/author\/ceec\/\" title=\"Articles par fomin\" rel=\"author\">fomin<\/a><\/li>\r\n\t\t\t\t\t\t\t\t\t\t\t\t<li><i class=\"fa fa-comment-o\" aria-hidden=\"true\"><\/i><a href=\"https:\/\/ht2techinfo.cd\/p\/fomin\/fonds-minier-pour-les-generations-futures-fomin\/#respond\"> 0<\/a><\/li>\r\n\t\t\t\t\t\t\t\t\t\t\t<\/ul>\r\n\t\t\t\t<\/div>\t\t\r\n\t\t\t\t<div class=\"entry-content\">\r\n\t\t\t\t\t<h3><a href=\"https:\/\/ht2techinfo.cd\/p\/fomin\/fonds-minier-pour-les-generations-futures-fomin\/\">FONDS MINIER POUR LES GENERATIONS FUTURES<\/a><\/h3>\r\n\t\t\t\t\t\t\t\t\t\t<p class=\"blog-text\">Depuis son av\u00e8nement au pouvoir en 2019, le pr\u00e9sident F\u00e9lix TSHISEKEDI TSHILOMBO&nbsp;s\u2019est donn\u00e9 d\u2019offrir \u00e0 l\u2019\u00e9conomie congolaise un\u2026<\/p>\r\n\t\t\t\t<\/div>\t\t\r\n\t\t\t<\/div>\t\r\n\t\t\t\t\t\t\t\t<div class=\"rt-post-slider-3\">\r\n\t\t\t\t<div class=\"entry-thumbnail-area\">\r\n\t\t\t\t\t<a href=\"https:\/\/ht2techinfo.cd\/p\/fomin\/atelier-dechange-sur-le-fomin-a-kinshasa\/\">\r\n\t\t\t\t\t\t\t\t\t\t\t<img width=\"370\" height=\"270\" src=\"https:\/\/ht2techinfo.cd\/p\/fomin\/wp-content\/uploads\/2023\/12\/WhatsApp-Image-2022-03-02-at-12.12.14-370x270.jpeg\" class=\"img-resfponsive wp-post-image\" alt=\"\" decoding=\"async\" loading=\"lazy\" srcset=\"https:\/\/ht2techinfo.cd\/p\/fomin\/wp-content\/uploads\/2023\/12\/WhatsApp-Image-2022-03-02-at-12.12.14-370x270.jpeg 370w, https:\/\/ht2techinfo.cd\/p\/fomin\/wp-content\/uploads\/2023\/12\/WhatsApp-Image-2022-03-02-at-12.12.14-100x72.jpeg 100w, https:\/\/ht2techinfo.cd\/p\/fomin\/wp-content\/uploads\/2023\/12\/WhatsApp-Image-2022-03-02-at-12.12.14-560x410.jpeg 560w\" sizes=\"(max-width: 370px) 100vw, 370px\" \/>\t\t\t\t\t<span class=\"post-date\">D\u00e9c 14, 2023<\/span><\/a>\r\n\t\t\t\t\t<ul class=\"\">\r\n\t\t\t\t\t\t\t\t\t\t\t\t<li class=\"active\">D\u00e9c 14, 2023<\/li>\r\n\t\t\t\t\t\t\t\t\t\t\r\n\t\t\t\t\t\t\t\t\t\t\t\t<li class=\"miako-author\"><i class=\"fa fa-user\" aria-hidden=\"true\"><\/i><span> By <\/span><a href=\"https:\/\/ht2techinfo.cd\/p\/fomin\/author\/ceec\/\" title=\"Articles par fomin\" rel=\"author\">fomin<\/a><\/li>\r\n\t\t\t\t\t\t\t\t\t\t\t\t<li><i class=\"fa fa-comment-o\" aria-hidden=\"true\"><\/i><a href=\"https:\/\/ht2techinfo.cd\/p\/fomin\/atelier-dechange-sur-le-fomin-a-kinshasa\/#respond\"> 0<\/a><\/li>\r\n\t\t\t\t\t\t\t\t\t\t\t<\/ul>\r\n\t\t\t\t<\/div>\t\t\r\n\t\t\t\t<div class=\"entry-content\">\r\n\t\t\t\t\t<h3><a href=\"https:\/\/ht2techinfo.cd\/p\/fomin\/atelier-dechange-sur-le-fomin-a-kinshasa\/\">Atelier d\u2019\u00e9change sur le FOMIN \u00e0 Kinshasa<\/a><\/h3>\r\n\t\t\t\t\t\t\t\t\t\t<p class=\"blog-text\">Kinshasa, le 2 mars 2022&nbsp;\u2013 Le Secr\u00e9tariat Technique de l\u2019ITIE-RDC, en partenariat avec le Consortium \u00abMakuta Ya Maendeleo\u00bb\u2026<\/p>\r\n\t\t\t\t<\/div>\t\t\r\n\t\t\t<\/div>\t\r\n\t\t\t\t\t\t\t\t<div class=\"rt-post-slider-3\">\r\n\t\t\t\t<div class=\"entry-thumbnail-area\">\r\n\t\t\t\t\t<a href=\"https:\/\/ht2techinfo.cd\/p\/fomin\/amelioration-du-cadre-reglementaire-du-fomin\/\">\r\n\t\t\t\t\t\t\t\t\t\t\t<img width=\"370\" height=\"270\" src=\"https:\/\/ht2techinfo.cd\/p\/fomin\/wp-content\/uploads\/2023\/12\/WhatsApp-Image-2022-11-23-at-12.59.24-1-370x270.jpeg\" class=\"img-resfponsive wp-post-image\" alt=\"\" decoding=\"async\" loading=\"lazy\" srcset=\"https:\/\/ht2techinfo.cd\/p\/fomin\/wp-content\/uploads\/2023\/12\/WhatsApp-Image-2022-11-23-at-12.59.24-1-370x270.jpeg 370w, https:\/\/ht2techinfo.cd\/p\/fomin\/wp-content\/uploads\/2023\/12\/WhatsApp-Image-2022-11-23-at-12.59.24-1-100x72.jpeg 100w, https:\/\/ht2techinfo.cd\/p\/fomin\/wp-content\/uploads\/2023\/12\/WhatsApp-Image-2022-11-23-at-12.59.24-1-560x410.jpeg 560w\" sizes=\"(max-width: 370px) 100vw, 370px\" \/>\t\t\t\t\t<span class=\"post-date\">D\u00e9c 14, 2023<\/span><\/a>\r\n\t\t\t\t\t<ul class=\"\">\r\n\t\t\t\t\t\t\t\t\t\t\t\t<li class=\"active\">D\u00e9c 14, 2023<\/li>\r\n\t\t\t\t\t\t\t\t\t\t\r\n\t\t\t\t\t\t\t\t\t\t\t\t<li class=\"miako-author\"><i class=\"fa fa-user\" aria-hidden=\"true\"><\/i><span> By <\/span><a href=\"https:\/\/ht2techinfo.cd\/p\/fomin\/author\/ceec\/\" title=\"Articles par fomin\" rel=\"author\">fomin<\/a><\/li>\r\n\t\t\t\t\t\t\t\t\t\t\t\t<li><i class=\"fa fa-comment-o\" aria-hidden=\"true\"><\/i><a href=\"https:\/\/ht2techinfo.cd\/p\/fomin\/amelioration-du-cadre-reglementaire-du-fomin\/#respond\"> 0<\/a><\/li>\r\n\t\t\t\t\t\t\t\t\t\t\t<\/ul>\r\n\t\t\t\t<\/div>\t\t\r\n\t\t\t\t<div class=\"entry-content\">\r\n\t\t\t\t\t<h3><a href=\"https:\/\/ht2techinfo.cd\/p\/fomin\/amelioration-du-cadre-reglementaire-du-fomin\/\">Am\u00e9lioration du cadre r\u00e9glementaire du FOMIN<\/a><\/h3>\r\n\t\t\t\t\t\t\t\t\t\t<p class=\"blog-text\">Kinshasa, le 24 novembre 2022 \u2013 L\u2019Initiative pour la transparence des industries extractives en R\u00e9publique D\u00e9mocratique du Congo\u2026<\/p>\r\n\t\t\t\t<\/div>\t\t\r\n\t\t\t<\/div>\t\r\n\t\t\t\t\t<\/div>\r\n<\/div>[\/vc_column][\/vc_row][vc_row css=\u00a0\u00bb.vc_custom_1507187346236{padding-top: 0px !important;padding-bottom: 35px !important;}\u00a0\u00bb][vc_column]<style>#rt-container-3735477174 .single-logo h3, #rt-container-3735477174 .single-logo h3 a {}#rt-container-3735477174 .single-logo .logo-description * {}<\/style><div class='rt-container-fluid rt-wpls rt-loading' id='rt-container-3735477174'  data-sc-id='1936' data-desktop-col='4'  data-tab-col='3'  data-mobile-col='1'><div class='rt-row carousel-layout wpls-carousel ' data-slick='{ \"slidesToShow\": 4, \"slidesToShowTab\": 3, \"slidesToShowMobile\": 1, \"slidesToScroll\": 3, \"speed\": 2000, \"autoplaySpeed\": 3000, \"dots\": false, \"arrows\": true, \"infinite\": true, \"lazyLoad\": \"ondemand\", \"pauseOnHover\": false, \"autoplay\": true, \"centerMode\": false, \"adaptiveHeight\": false, \"rtl\": false }' ><div class='rt-col-md-3 rt-col-sm-4 rt-col-xs-12'><div class='single-logo rt-equal-height ' data-title='FINANCE'><div class='single-logo-container'><img width=\"1511\" height=\"527\" src=\"https:\/\/ht2techinfo.cd\/p\/fomin\/wp-content\/uploads\/2017\/10\/logo-finances.png\" class=\"wls-logo\" alt=\"\" loading=\"lazy\" title=\"FINANCE\" \/><\/div><\/div><\/div><div class='rt-col-md-3 rt-col-sm-4 rt-col-xs-12'><div class='single-logo rt-equal-height ' data-title='MINES'><div class='single-logo-container'><img width=\"149\" height=\"80\" src=\"https:\/\/ht2techinfo.cd\/p\/fomin\/wp-content\/uploads\/2017\/10\/Charte-M-MINES2.png\" class=\"wls-logo\" alt=\"\" loading=\"lazy\" title=\"MINES\" \/><\/div><\/div><\/div><div class='rt-col-md-3 rt-col-sm-4 rt-col-xs-12'><div class='single-logo rt-equal-height ' data-title='IGF'><div class='single-logo-container'><img width=\"1243\" height=\"441\" src=\"https:\/\/ht2techinfo.cd\/p\/fomin\/wp-content\/uploads\/2017\/10\/RDC-lIGF-sappre\u0302te-a\u0300-auditer-la-gestion-des-recettes-de-pe\u0301age-par-SOPECO-et-SGK-depuis-2010-1-e1702578849505.jpeg\" class=\"wls-logo\" alt=\"\" loading=\"lazy\" title=\"IGF\" \/><\/div><\/div><\/div><div class='rt-col-md-3 rt-col-sm-4 rt-col-xs-12'><div class='single-logo rt-equal-height ' data-title='3Docean'><div class='single-logo-container'><img width=\"1511\" height=\"527\" src=\"https:\/\/ht2techinfo.cd\/p\/fomin\/wp-content\/uploads\/2017\/10\/logo-finances.png\" class=\"wls-logo\" alt=\"\" loading=\"lazy\" title=\"3Docean\" \/><\/div><\/div><\/div><div class='rt-col-md-3 rt-col-sm-4 rt-col-xs-12'><div class='single-logo rt-equal-height ' data-title='Envato'><div class='single-logo-container'><img width=\"149\" height=\"80\" src=\"https:\/\/ht2techinfo.cd\/p\/fomin\/wp-content\/uploads\/2017\/10\/Charte-M-MINES2.png\" class=\"wls-logo\" alt=\"\" loading=\"lazy\" title=\"Envato\" \/><\/div><\/div><\/div><\/div><\/div>[\/vc_column][\/vc_row]<\/p>\n<\/section>","protected":false},"excerpt":{"rendered":"<p>[vc_row][vc_column el_class=\u00a0\u00bbslider-height\u00a0\u00bb][layerslider_vc id=\u00a0\u00bb9&Prime;][\/vc_column][\/vc_row][vc_row css=\u00a0\u00bb.vc_custom_1702571902231{padding-top: 20px !important;padding-bottom: 20px !important;}\u00a0\u00bb][vc_column width=\u00a0\u00bb1\/3&Prime;][\/vc_column][vc_column width=\u00a0\u00bb1\/3&Prime;][\/vc_column][vc_column width=\u00a0\u00bb1\/3&Prime;][\/vc_column][\/vc_row][vc_row full_width=\u00a0\u00bbstretch_row\u00a0\u00bb css=\u00a0\u00bb.vc_custom_1702574498290{padding-top: 60px !important;padding-right: 60px !important;padding-bottom: 60px !important;padding-left: 60px !important;background-image: url(https:\/\/ht2techinfo.cd\/p\/fomin\/wp-content\/uploads\/2023\/12\/wealth-building-.png?id=2954) !important;background-position: center !important;background-repeat: no-repeat !important;background-size: cover !important;}\u00a0\u00bb][vc_column][\/vc_column][\/vc_row][vc_row css=\u00a0\u00bb.vc_custom_1515503442379{padding-top: 53px !important;padding-bottom: 60px !important;}\u00a0\u00bb][vc_column width=\u00a0\u00bb7\/12&Prime;][vc_column_text css=\u00a0\u00bb.vc_custom_1702573254247{padding-bottom: 35px !important;}\u00a0\u00bb] NOS ACTIONS There are many variations of passages of Lorem Ipsum available, but the majority have suffhumouror [&hellip;]<\/p>\n","protected":false},"author":1,"featured_media":0,"parent":0,"menu_order":0,"comment_status":"closed","ping_status":"closed","template":"","meta":[],"_links":{"self":[{"href":"https:\/\/ht2techinfo.cd\/p\/fomin\/wp-json\/wp\/v2\/pages\/1984"}],"collection":[{"href":"https:\/\/ht2techinfo.cd\/p\/fomin\/wp-json\/wp\/v2\/pages"}],"about":[{"href":"https:\/\/ht2techinfo.cd\/p\/fomin\/wp-json\/wp\/v2\/types\/page"}],"author":[{"embeddable":true,"href":"https:\/\/ht2techinfo.cd\/p\/fomin\/wp-json\/wp\/v2\/users\/1"}],"replies":[{"embeddable":true,"href":"https:\/\/ht2techinfo.cd\/p\/fomin\/wp-json\/wp\/v2\/comments?post=1984"}],"version-history":[{"count":23,"href":"https:\/\/ht2techinfo.cd\/p\/fomin\/wp-json\/wp\/v2\/pages\/1984\/revisions"}],"predecessor-version":[{"id":3004,"href":"https:\/\/ht2techinfo.cd\/p\/fomin\/wp-json\/wp\/v2\/pages\/1984\/revisions\/3004"}],"wp:attachment":[{"href":"https:\/\/ht2techinfo.cd\/p\/fomin\/wp-json\/wp\/v2\/media?parent=1984"}],"curies":[{"name":"wp","href":"https:\/\/api.w.org\/{rel}","templated":true}]}}