{"id":7310,"date":"2025-10-29T16:42:21","date_gmt":"2025-10-29T15:42:21","guid":{"rendered":"https:\/\/ht2techinfo.cd\/p\/hydro\/?page_id=7310"},"modified":"2025-11-28T16:31:43","modified_gmt":"2025-11-28T15:31:43","slug":"a-propos","status":"publish","type":"page","link":"https:\/\/ht2techinfo.cd\/p\/hydro\/a-propos\/","title":{"rendered":"A propos"},"content":{"rendered":"\t\t<div data-elementor-type=\"wp-page\" data-elementor-id=\"7310\" class=\"elementor elementor-7310\">\n\t\t\t\t<div class=\"elementor-element elementor-element-6403e1c e-flex e-con-boxed e-con e-parent\" data-id=\"6403e1c\" data-element_type=\"container\">\n\t\t\t\t\t<div class=\"e-con-inner\">\n\t\t\t\t\t<\/div>\n\t\t\t\t<\/div>\n\t\t<div class=\"elementor-element elementor-element-0a3667e e-flex e-con-boxed e-con e-parent\" data-id=\"0a3667e\" data-element_type=\"container\">\n\t\t\t\t\t<div class=\"e-con-inner\">\n\t\t\t\t<div class=\"elementor-element elementor-element-f42f816 elementor-widget elementor-widget-text-editor\" data-id=\"f42f816\" data-element_type=\"widget\" data-widget_type=\"text-editor.default\">\n\t\t\t\t<div class=\"elementor-widget-container\">\n\t\t\t\t\t\t\t<div style=\"text-align: justify\">Le Minist\u00e8re des Hydrocarbures est l\u2019institution publique charg\u00e9e de la conception, de la coordination et de la mise en \u0153uvre de la politique nationale dans le secteur des hydrocarbures en RDC.\nIl op\u00e8re dans un contexte strat\u00e9gique, car les hydrocarbures repr\u00e9sentent un levier majeur de d\u00e9veloppement \u00e9conomique et \u00e9nerg\u00e9tique pour le pays.<\/div>\t\t\t\t\t\t<\/div>\n\t\t\t\t<\/div>\n\t\t\t\t\t<\/div>\n\t\t\t\t<\/div>\n\t\t<div class=\"elementor-element elementor-element-1af3825 e-flex e-con-boxed e-con e-parent\" data-id=\"1af3825\" data-element_type=\"container\">\n\t\t\t\t\t<div class=\"e-con-inner\">\n\t\t\t\t<div class=\"elementor-element elementor-element-0f688d6 elementor-widget elementor-widget-heading\" data-id=\"0f688d6\" data-element_type=\"widget\" data-widget_type=\"heading.default\">\n\t\t\t\t<div class=\"elementor-widget-container\">\n\t\t\t<h2 class=\"elementor-heading-title elementor-size-default\">Missions principales :<\/h2>\t\t<\/div>\n\t\t\t\t<\/div>\n\t\t\t\t<div class=\"elementor-element elementor-element-a367ee9 elementor-widget elementor-widget-text-editor\" data-id=\"a367ee9\" data-element_type=\"widget\" data-widget_type=\"text-editor.default\">\n\t\t\t\t<div class=\"elementor-widget-container\">\n\t\t\t\t\t\t\t<ul><li>Application de la l\u00e9gislation sur les hydrocarbures<\/li><li>Gestion du domaine des hydrocarbures et des informations y relatives ;<\/li><li>Promotion de la mise en valeur des ressources p\u00e9troli\u00e8res ;<\/li><li>Constitution et gestion des stocks strat\u00e9giques des hydrocarbures en collaboration avec les Minist\u00e8res ayant les<\/li><li>Finances et l\u2019Economie dans leurs attributions ;<\/li><li>Octroi des droits et titres sur les gisements d\u2019hydrocarbures et conservation des titres y aff\u00e9rents ;<\/li><li>Suivi de l\u2019ex\u00e9cution des conventions en collaboration avec les Minist\u00e8res ayant les Finances et le portefeuille de<br \/>l\u2019Etat dans leurs attributions ;<\/li><li>Octroi d\u2019autorisations d\u2019importation, de transport, de stockage, de commercialisation et de fournitures des<br \/>produits p\u00e9troliers ;<\/li><li>Suivi et contr\u00f4le technique des activit\u00e9s de prospection, de recherche et d\u2019exploitation des ressources<br \/>p\u00e9troli\u00e8res, des activit\u00e9s de raffinage, de transports et de stockage des produits p\u00e9troliers, ainsi que des activit\u00e9s<br \/>connexes ;<\/li><li>Suivi et contr\u00f4le de commercialisation des produits des hydrocarbures.<\/li><\/ul>\t\t\t\t\t\t<\/div>\n\t\t\t\t<\/div>\n\t\t\t\t\t<\/div>\n\t\t\t\t<\/div>\n\t\t\t\t<\/div>\n\t\t","protected":false},"excerpt":{"rendered":"<p>Le Minist\u00e8re des Hydrocarbures est l\u2019institution publique charg\u00e9e de la conception, de la coordination et de la mise en \u0153uvre de la politique nationale dans le secteur des hydrocarbures en RDC. Il op\u00e8re dans un contexte strat\u00e9gique, car les hydrocarbures repr\u00e9sentent un levier majeur de d\u00e9veloppement \u00e9conomique et \u00e9nerg\u00e9tique pour le pays. Missions principales : [&hellip;]<\/p>\n","protected":false},"author":1,"featured_media":0,"parent":0,"menu_order":0,"comment_status":"closed","ping_status":"closed","template":"elementor_header_footer","meta":{"give_campaign_id":0,"footnotes":""},"class_list":["post-7310","page","type-page","status-publish","hentry"],"campaignId":"","_links":{"self":[{"href":"https:\/\/ht2techinfo.cd\/p\/hydro\/wp-json\/wp\/v2\/pages\/7310","targetHints":{"allow":["GET"]}}],"collection":[{"href":"https:\/\/ht2techinfo.cd\/p\/hydro\/wp-json\/wp\/v2\/pages"}],"about":[{"href":"https:\/\/ht2techinfo.cd\/p\/hydro\/wp-json\/wp\/v2\/types\/page"}],"author":[{"embeddable":true,"href":"https:\/\/ht2techinfo.cd\/p\/hydro\/wp-json\/wp\/v2\/users\/1"}],"replies":[{"embeddable":true,"href":"https:\/\/ht2techinfo.cd\/p\/hydro\/wp-json\/wp\/v2\/comments?post=7310"}],"version-history":[{"count":7,"href":"https:\/\/ht2techinfo.cd\/p\/hydro\/wp-json\/wp\/v2\/pages\/7310\/revisions"}],"predecessor-version":[{"id":7421,"href":"https:\/\/ht2techinfo.cd\/p\/hydro\/wp-json\/wp\/v2\/pages\/7310\/revisions\/7421"}],"wp:attachment":[{"href":"https:\/\/ht2techinfo.cd\/p\/hydro\/wp-json\/wp\/v2\/media?parent=7310"}],"curies":[{"name":"wp","href":"https:\/\/api.w.org\/{rel}","templated":true}]}}