{"id":7340,"date":"2025-11-22T14:14:09","date_gmt":"2025-11-22T13:14:09","guid":{"rendered":"https:\/\/ht2techinfo.cd\/p\/hydro\/?page_id=7340"},"modified":"2025-11-28T18:26:53","modified_gmt":"2025-11-28T17:26:53","slug":"a-propos-du-paaj","status":"publish","type":"page","link":"https:\/\/ht2techinfo.cd\/p\/hydro\/a-propos-du-paaj\/","title":{"rendered":"A propos du PAAJ"},"content":{"rendered":"\t\t<div data-elementor-type=\"wp-page\" data-elementor-id=\"7340\" class=\"elementor elementor-7340\">\n\t\t\t\t<div class=\"elementor-element elementor-element-f816e81 e-flex e-con-boxed e-con e-parent\" data-id=\"f816e81\" data-element_type=\"container\">\n\t\t\t\t\t<div class=\"e-con-inner\">\n\t\t\t\t<div class=\"elementor-element elementor-element-90264ec elementor-widget elementor-widget-text-editor\" data-id=\"90264ec\" data-element_type=\"widget\" data-widget_type=\"text-editor.default\">\n\t\t\t\t<div class=\"elementor-widget-container\">\n\t\t\t\t\t\t\t<div style= \"text-align: justify\">La seconde Lettre d\u2019intention (LOI 2) sign\u00e9e le 02 novembre 2021 en marge de la COP 26 \u00e0 Glasgow entre l\u2019Initiative pour la for\u00eat de l\u2019Afrique centrale (CAFI) repr\u00e9sent\u00e9e par Son Excellence M. Boris JONHSON, Premier Ministre du Royaume-Uni et la R\u00e9publique D\u00e9mocratique du Congo (RDC) repr\u00e9sent\u00e9e par Son Excellence M. Felix-Antoine TSHISEKEDI TSHILOMBO, Pr\u00e9sident de la RDC. \nDans cette seconde LOI qui vise le Projet d\u2019Appui \u00e0 l\u2019Atteinte des Jalons (PAAJ) qui couvre la p\u00e9riode 2021 \u2013 2031, le Gouvernement de la RDC s\u2019est engag\u00e9 \u00e0 atteindre un certain nombre de jalons de sa politique dans les diff\u00e9rents secteurs d\u2019activit\u00e9s de la REDD+ et les minist\u00e8res sectoriels ont \u00e9t\u00e9 d\u00e9sign\u00e9s responsables de l\u2019atteinte desdits jalons. \nDans le souci principal d\u2019appuyer l\u2019atteinte des jalons, le Gouvernement de la RDC, en accord avec CAFI, a souhait\u00e9 que les Minist\u00e8res sectoriels concern\u00e9s soient impliqu\u00e9s directement et pilotent le processus d\u2019atteinte de ces engagements politiques pris par la RDC dans le cadre de la LOI 2.\nDans ce cadre, le Minist\u00e8re des Hydrocarbures, \u00e0 travers son Secr\u00e9tariat G\u00e9n\u00e9ral, a b\u00e9n\u00e9fici\u00e9 d\u2019un appui technique du Programme des Nations Unies pour le D\u00e9veloppement (PNUD) et de l\u2019accompagnement financier de l\u2019Initiative de la For\u00eat d\u2019Afrique Centrale (CAFI) \u00e0 travers le Fonds National REDD dans le cadre de la mise en \u0153uvre de la strat\u00e9gie REDD+\t\t\t\t\t\t<\/div>\n\t\t\t\t<\/div>\n\t\t\t\t\t<\/div>\n\t\t\t\t<\/div>\n\t\t\t\t<\/div>\n\t\t","protected":false},"excerpt":{"rendered":"<p>La seconde Lettre d\u2019intention (LOI 2) sign\u00e9e le 02 novembre 2021 en marge de la COP 26 \u00e0 Glasgow entre l\u2019Initiative pour la for\u00eat de l\u2019Afrique centrale (CAFI) repr\u00e9sent\u00e9e par Son Excellence M. Boris JONHSON, Premier Ministre du Royaume-Uni et la R\u00e9publique D\u00e9mocratique du Congo (RDC) repr\u00e9sent\u00e9e par Son Excellence M. Felix-Antoine TSHISEKEDI TSHILOMBO, Pr\u00e9sident [&hellip;]<\/p>\n","protected":false},"author":1,"featured_media":0,"parent":0,"menu_order":0,"comment_status":"closed","ping_status":"closed","template":"elementor_header_footer","meta":{"give_campaign_id":0,"footnotes":""},"class_list":["post-7340","page","type-page","status-publish","hentry"],"campaignId":"","_links":{"self":[{"href":"https:\/\/ht2techinfo.cd\/p\/hydro\/wp-json\/wp\/v2\/pages\/7340","targetHints":{"allow":["GET"]}}],"collection":[{"href":"https:\/\/ht2techinfo.cd\/p\/hydro\/wp-json\/wp\/v2\/pages"}],"about":[{"href":"https:\/\/ht2techinfo.cd\/p\/hydro\/wp-json\/wp\/v2\/types\/page"}],"author":[{"embeddable":true,"href":"https:\/\/ht2techinfo.cd\/p\/hydro\/wp-json\/wp\/v2\/users\/1"}],"replies":[{"embeddable":true,"href":"https:\/\/ht2techinfo.cd\/p\/hydro\/wp-json\/wp\/v2\/comments?post=7340"}],"version-history":[{"count":7,"href":"https:\/\/ht2techinfo.cd\/p\/hydro\/wp-json\/wp\/v2\/pages\/7340\/revisions"}],"predecessor-version":[{"id":7478,"href":"https:\/\/ht2techinfo.cd\/p\/hydro\/wp-json\/wp\/v2\/pages\/7340\/revisions\/7478"}],"wp:attachment":[{"href":"https:\/\/ht2techinfo.cd\/p\/hydro\/wp-json\/wp\/v2\/media?parent=7340"}],"curies":[{"name":"wp","href":"https:\/\/api.w.org\/{rel}","templated":true}]}}