{"id":7344,"date":"2025-11-22T14:16:11","date_gmt":"2025-11-22T13:16:11","guid":{"rendered":"https:\/\/ht2techinfo.cd\/p\/hydro\/?page_id=7344"},"modified":"2025-11-22T16:03:31","modified_gmt":"2025-11-22T15:03:31","slug":"jalon-6c","status":"publish","type":"page","link":"https:\/\/ht2techinfo.cd\/p\/hydro\/jalon-6c\/","title":{"rendered":"JALON 6C"},"content":{"rendered":"\t\t<div data-elementor-type=\"wp-page\" data-elementor-id=\"7344\" class=\"elementor elementor-7344\">\n\t\t\t\t<div class=\"elementor-element elementor-element-c453b6b e-flex e-con-boxed e-con e-parent\" data-id=\"c453b6b\" data-element_type=\"container\">\n\t\t\t\t\t<div class=\"e-con-inner\">\n\t\t\t\t\t<\/div>\n\t\t\t\t<\/div>\n\t\t<div class=\"elementor-element elementor-element-2a56ea9 e-flex e-con-boxed e-con e-parent\" data-id=\"2a56ea9\" data-element_type=\"container\">\n\t\t\t\t\t<div class=\"e-con-inner\">\n\t\t\t\t<div class=\"elementor-element elementor-element-35d8535 elementor-widget elementor-widget-text-editor\" data-id=\"35d8535\" data-element_type=\"widget\" data-widget_type=\"text-editor.default\">\n\t\t\t\t<div class=\"elementor-widget-container\">\n\t\t\t\t\t\t\t<div style=\"text-align: justify;\">\n<p class=\"p1\">Le Minist\u00e8re des Hydrocarbures, \u00e0 travers son Secr\u00e9tariat G\u00e9n\u00e9ral, b\u00e9n\u00e9ficie d\u2019un appui technique du Programme des Nations Unies pour le D\u00e9veloppement (PNUD) et l\u2019accompagnement financier de l\u2019Initiative de la For\u00eat d\u2019Afrique Centrale (CAFI) \u00e0 travers le Fonds National REDD dans le cadre de la mise en \u0153uvre de la strat\u00e9gie REDD+.<\/p>\n<p class=\"p1\">Cet appui s\u2019inscrit dans le cadre de l\u2019ex\u00e9cution du Projet d\u2019Appui \u00e0 l\u2019Atteinte des Jalons (PAAJ) de la deuxi\u00e8me lettre d\u2019intention (LOI 2) du partenariat CAFI-RDC pour une p\u00e9riode de 18 mois. Le projet vise l\u2019atteinte des engagements politiques du pays, notamment en termes des reformes \u00e0 mettre en \u0153uvre dans le secteur des Hydrocarbures en lien avec la r\u00e9duction des \u00e9missions dues \u00e0 la d\u00e9forestation et d\u00e9gradation foresti\u00e8re.<\/p>\n<p class=\"p1\">C\u2019est ainsi que le Minist\u00e8re des Hydrocarbures dans ses missions de contr\u00f4ler, suivre et \u00e9valuer des soci\u00e9t\u00e9s p\u00e9troli\u00e8re et gazi\u00e8re ainsi que leurs filiales de participer \u00e0 l\u2019activit\u00e9, traiter des requ\u00eates et rapports des op\u00e9rateurs p\u00e9troliers cela passe par une mise en place d\u2019une politique de gestion ad\u00e9quate pour arriver au bon r\u00e9sultat.<\/p>\n<p class=\"p1\">Dans le souci de faire de la RDC un pays solution, le Gouvernement congolais via le Minist\u00e8re des Hydrocarbures est tenu de se doter d\u2019une unit\u00e9 de planification et de programmation digne de lui permettre d\u2019assurer de mani\u00e8re efficace et efficiente des strat\u00e9gies d\u2019\u00e9valuation, de contr\u00f4le et de suivi environnemental.<\/p>\n<p class=\"p1\">A ce sujet, il se constate un r\u00e9el besoin de renforcement des capacit\u00e9s professionnelles en mati\u00e8re d\u2019\u00e9valuation, contr\u00f4le et suivi environnemental des agents du Secr\u00e9tariat G\u00e9n\u00e9ral aux Hydrocarbures et une n\u00e9cessit\u00e9 d\u2019une session de formation pour un rendement efficient.<\/p>\n<p class=\"p1\">Pour y parvenir, le Minist\u00e8re des Hydrocarbures a organis\u00e9 un atelier de formation \u00e0 FADEN HOUSE sur les techniques d\u2019\u00e9valuation\u00a0 environnementale et sociale.<\/p>\n\n<div><\/div>\n&nbsp;\n\n<\/div>\t\t\t\t\t\t<\/div>\n\t\t\t\t<\/div>\n\t\t\t\t\t<\/div>\n\t\t\t\t<\/div>\n\t\t<div class=\"elementor-element elementor-element-4ff32e6 e-flex e-con-boxed e-con e-parent\" data-id=\"4ff32e6\" data-element_type=\"container\">\n\t\t\t\t\t<div class=\"e-con-inner\">\n\t\t\t\t<div class=\"elementor-element elementor-element-99a8259 e-n-tabs-mobile elementor-widget elementor-widget-n-tabs\" data-id=\"99a8259\" data-element_type=\"widget\" data-settings=\"{&quot;horizontal_scroll&quot;:&quot;disable&quot;}\" data-widget_type=\"nested-tabs.default\">\n\t\t\t\t<div class=\"elementor-widget-container\">\n\t\t\t\t\t<div class=\"e-n-tabs\" data-widget-number=\"161120857\" aria-label=\"Onglets. Ouvrez des \u00e9l\u00e9ments avec Entrer ou Espace, fermez-les avec Echape et naviguez \u00e0 l&#039;aide des touches fl\u00e9ch\u00e9es.\">\n\t\t\t<div class=\"e-n-tabs-heading\" role=\"tablist\">\n\t\t\t\t\t<button id=\"e-n-tab-title-1611208571\" class=\"e-n-tab-title\" aria-selected=\"true\" data-tab-index=\"1\" role=\"tab\" tabindex=\"0\" aria-controls=\"e-n-tab-content-1611208571\" style=\"--n-tabs-title-order: 1;\">\n\t\t\t\t\t\t<span class=\"e-n-tab-title-text\">\n\t\t\t\tDocuments\t\t\t<\/span>\n\t\t<\/button>\n\t\t\t\t<button id=\"e-n-tab-title-1611208572\" class=\"e-n-tab-title\" aria-selected=\"false\" data-tab-index=\"2\" role=\"tab\" tabindex=\"-1\" aria-controls=\"e-n-tab-content-1611208572\" style=\"--n-tabs-title-order: 2;\">\n\t\t\t\t\t\t<span class=\"e-n-tab-title-text\">\n\t\t\t\tPhotos\t\t\t<\/span>\n\t\t<\/button>\n\t\t\t\t\t<\/div>\n\t\t\t<div class=\"e-n-tabs-content\">\n\t\t\t\t<div id=\"e-n-tab-content-1611208571\" role=\"tabpanel\" aria-labelledby=\"e-n-tab-title-1611208571\" data-tab-index=\"1\" style=\"--n-tabs-title-order: 1;\" class=\"e-active elementor-element elementor-element-0c7f2b1 e-con-full e-flex e-con e-child\" data-id=\"0c7f2b1\" data-element_type=\"container\">\n\t\t<div class=\"elementor-element elementor-element-f3a3c8d e-flex e-con-boxed e-con e-child\" data-id=\"f3a3c8d\" data-element_type=\"container\">\n\t\t\t\t\t<div class=\"e-con-inner\">\n\t\t\t\t<div class=\"elementor-element elementor-element-37c634f elementor-widget elementor-widget-shortcode\" data-id=\"37c634f\" data-element_type=\"widget\" data-widget_type=\"shortcode.default\">\n\t\t\t\t<div class=\"elementor-widget-container\">\n\t\t\t\t\t<div class=\"elementor-shortcode\"><div class=\"eeSFL\" id=\"eeSFL\">\n\n<span id=\"eeSFL_FileListTop\"><!-- Simple File List Pro --><\/span>\n\n\n<span class=\"eeHide\" id=\"eeSFL_ID\">1<\/span>\n<span class=\"eeHide\" id=\"eeSFL_ActionNonce\">ecff65ee93<\/span>\n<script>\n\tvar eeSFL_ListID = 1;\n\tvar eeSFL_PluginURL = \"https:\/\/ht2techinfo.cd\/p\/hydro\/wp-content\/plugins\/ee-simple-file-list-pro\/\";\n\tvar eeSFL_FileListDir = \"wp-content\/uploads\/simple-file-list\/\";\n\tvar eeSFL_SubFolder = \"JALON-6C\/\";\n<\/script>\n\n<span class=\"eeHide\" id=\"eeSFLF_SubFolder\">JALON-6C<\/span>\n<span class=\"eeHide\" id=\"eeSFLF_MoveNonce\">ef1b43ac91<\/span><table class=\"eeFiles\" id=\"eeSFL_ListID_1\"><thead><tr><th class=\"eeSFL_Thumbnail\">Thumb<\/th><th class=\"eeSFL_Sortable eeSFL_FileName\">Name<\/th><th class=\"eeSFL_Sortable eeSFL_FileSize\">Size<\/th><th class=\"eeSFL_Sortable eeSFL_FileDate\">Date<\/th><\/tr><\/thead><tbody>\n\t\t\t\t\t\n\t\t\t\t\t<tr id=\"eeSFL_RowID-3\"><td class=\"eeSFL_Thumbnail\"><a href=\"https:\/\/ht2techinfo.cd\/p\/hydro\/wp-content\/uploads\/simple-file-list\/JALON-6C\/AUDIT-ENVIRONNEMENTAL-.pdf\" class=\"eeFileIcon\" target=\"_blank\"><img decoding=\"async\" src=\"https:\/\/ht2techinfo.cd\/p\/hydro\/wp-content\/plugins\/ee-simple-file-list-pro\/images\/thumbnails\/pdf.svg\" width=\"64\" height=\"64\" alt=\"Thumb\" \/><\/a><\/td><td class=\"eeSFL_FileName\"><span class=\"eeSFL_RealFileName eeHide\">AUDIT-ENVIRONNEMENTAL-.pdf<\/span>\n\t\t<p class=\"eeSFL_FileLink\"><a class=\"eeSFL_FileName\" href=\"https:\/\/ht2techinfo.cd\/p\/hydro\/wp-content\/uploads\/simple-file-list\/JALON-6C\/AUDIT-ENVIRONNEMENTAL-.pdf\" target=\"_blank\">AUDIT-ENVIRONNEMENTAL-.pdf<\/a><\/p><p class=\"eeSFL_FileDesc eeHide\"><\/p>\n\t<small class=\"eeSFL_FileListActions\">\n\t\t\t<a class=\"eeSFL_FileListAction eeSFL_FileOpen\" href=\"https:\/\/ht2techinfo.cd\/p\/hydro\/wp-content\/uploads\/simple-file-list\/JALON-6C\/AUDIT-ENVIRONNEMENTAL-.pdf\" target=\"_blank\">Ouvrir<\/a>\n\t\t\t<a class=\"eeSFL_FileListAction eeSFL_FileDownload\" href=\"https:\/\/ht2techinfo.cd\/p\/hydro\/wp-content\/uploads\/simple-file-list\/JALON-6C\/AUDIT-ENVIRONNEMENTAL-.pdf\" download=\"AUDIT-ENVIRONNEMENTAL-.pdf\">T\u00e9l\u00e9charger<\/a>\n\t\t\t<a class=\"eeSFL_FileListAction eeSFL_CopyLinkToClipboard\" onclick=\"eeSFL_CopyLinkToClipboard('https:\/\/ht2techinfo.cd\/p\/hydro\/wp-content\/uploads\/simple-file-list\/JALON-6C\/AUDIT-ENVIRONNEMENTAL-.pdf')\" href=\"#\">Copier le lien<\/a>\n\t<\/small><\/td><td class=\"eeSFL_FileSize\">124.2 KB<\/td><td class=\"eeSFL_FileDate\">18 novembre 2025<\/td><\/tr>\n\t\t\t\t\t\n\t\t\t\t\t<tr id=\"eeSFL_RowID-4\"><td class=\"eeSFL_Thumbnail\"><a href=\"https:\/\/ht2techinfo.cd\/p\/hydro\/wp-content\/uploads\/simple-file-list\/JALON-6C\/EXERCICEETUDE-DE-CAS.pdf\" class=\"eeFileIcon\" target=\"_blank\"><img decoding=\"async\" src=\"https:\/\/ht2techinfo.cd\/p\/hydro\/wp-content\/plugins\/ee-simple-file-list-pro\/images\/thumbnails\/pdf.svg\" width=\"64\" height=\"64\" alt=\"Thumb\" \/><\/a><\/td><td class=\"eeSFL_FileName\"><span class=\"eeSFL_RealFileName eeHide\">EXERCICEETUDE-DE-CAS.pdf<\/span>\n\t\t<p class=\"eeSFL_FileLink\"><a class=\"eeSFL_FileName\" href=\"https:\/\/ht2techinfo.cd\/p\/hydro\/wp-content\/uploads\/simple-file-list\/JALON-6C\/EXERCICEETUDE-DE-CAS.pdf\" target=\"_blank\">EXERCICEETUDE-DE-CAS.pdf<\/a><\/p><p class=\"eeSFL_FileDesc eeHide\"><\/p>\n\t<small class=\"eeSFL_FileListActions\">\n\t\t\t<a class=\"eeSFL_FileListAction eeSFL_FileOpen\" href=\"https:\/\/ht2techinfo.cd\/p\/hydro\/wp-content\/uploads\/simple-file-list\/JALON-6C\/EXERCICEETUDE-DE-CAS.pdf\" target=\"_blank\">Ouvrir<\/a>\n\t\t\t<a class=\"eeSFL_FileListAction eeSFL_FileDownload\" href=\"https:\/\/ht2techinfo.cd\/p\/hydro\/wp-content\/uploads\/simple-file-list\/JALON-6C\/EXERCICEETUDE-DE-CAS.pdf\" download=\"EXERCICEETUDE-DE-CAS.pdf\">T\u00e9l\u00e9charger<\/a>\n\t\t\t<a class=\"eeSFL_FileListAction eeSFL_CopyLinkToClipboard\" onclick=\"eeSFL_CopyLinkToClipboard('https:\/\/ht2techinfo.cd\/p\/hydro\/wp-content\/uploads\/simple-file-list\/JALON-6C\/EXERCICEETUDE-DE-CAS.pdf')\" href=\"#\">Copier le lien<\/a>\n\t<\/small><\/td><td class=\"eeSFL_FileSize\">127.98 KB<\/td><td class=\"eeSFL_FileDate\">18 novembre 2025<\/td><\/tr>\n\t\t\t\t\t\n\t\t\t\t\t<tr id=\"eeSFL_RowID-5\"><td class=\"eeSFL_Thumbnail\"><a href=\"https:\/\/ht2techinfo.cd\/p\/hydro\/wp-content\/uploads\/simple-file-list\/JALON-6C\/Fiches-Environnementales-pour-Projets-dHydrocarbures.pdf\" class=\"eeFileIcon\" target=\"_blank\"><img decoding=\"async\" src=\"https:\/\/ht2techinfo.cd\/p\/hydro\/wp-content\/plugins\/ee-simple-file-list-pro\/images\/thumbnails\/pdf.svg\" width=\"64\" height=\"64\" alt=\"Thumb\" \/><\/a><\/td><td class=\"eeSFL_FileName\"><span class=\"eeSFL_RealFileName eeHide\">Fiches-Environnementales-pour-Projets-dHydrocarbures.pdf<\/span>\n\t\t<p class=\"eeSFL_FileLink\"><a class=\"eeSFL_FileName\" href=\"https:\/\/ht2techinfo.cd\/p\/hydro\/wp-content\/uploads\/simple-file-list\/JALON-6C\/Fiches-Environnementales-pour-Projets-dHydrocarbures.pdf\" target=\"_blank\">Fiches-Environnementales-pour-Projets-dHydrocarbures.pdf<\/a><\/p><p class=\"eeSFL_FileDesc eeHide\"><\/p>\n\t<small class=\"eeSFL_FileListActions\">\n\t\t\t<a class=\"eeSFL_FileListAction eeSFL_FileOpen\" href=\"https:\/\/ht2techinfo.cd\/p\/hydro\/wp-content\/uploads\/simple-file-list\/JALON-6C\/Fiches-Environnementales-pour-Projets-dHydrocarbures.pdf\" target=\"_blank\">Ouvrir<\/a>\n\t\t\t<a class=\"eeSFL_FileListAction eeSFL_FileDownload\" href=\"https:\/\/ht2techinfo.cd\/p\/hydro\/wp-content\/uploads\/simple-file-list\/JALON-6C\/Fiches-Environnementales-pour-Projets-dHydrocarbures.pdf\" download=\"Fiches-Environnementales-pour-Projets-dHydrocarbures.pdf\">T\u00e9l\u00e9charger<\/a>\n\t\t\t<a class=\"eeSFL_FileListAction eeSFL_CopyLinkToClipboard\" onclick=\"eeSFL_CopyLinkToClipboard('https:\/\/ht2techinfo.cd\/p\/hydro\/wp-content\/uploads\/simple-file-list\/JALON-6C\/Fiches-Environnementales-pour-Projets-dHydrocarbures.pdf')\" href=\"#\">Copier le lien<\/a>\n\t<\/small><\/td><td class=\"eeSFL_FileSize\">357.58 KB<\/td><td class=\"eeSFL_FileDate\">18 novembre 2025<\/td><\/tr>\n\t\t\t\t\t\n\t\t\t\t\t<tr id=\"eeSFL_RowID-6\"><td class=\"eeSFL_Thumbnail\"><a href=\"https:\/\/ht2techinfo.cd\/p\/hydro\/wp-content\/uploads\/simple-file-list\/JALON-6C\/MATRICES-DANALYSE-DES-PARTIES-PRENANTES.pdf\" class=\"eeFileIcon\" target=\"_blank\"><img decoding=\"async\" src=\"https:\/\/ht2techinfo.cd\/p\/hydro\/wp-content\/plugins\/ee-simple-file-list-pro\/images\/thumbnails\/pdf.svg\" width=\"64\" height=\"64\" alt=\"Thumb\" \/><\/a><\/td><td class=\"eeSFL_FileName\"><span class=\"eeSFL_RealFileName eeHide\">MATRICES-DANALYSE-DES-PARTIES-PRENANTES.pdf<\/span>\n\t\t<p class=\"eeSFL_FileLink\"><a class=\"eeSFL_FileName\" href=\"https:\/\/ht2techinfo.cd\/p\/hydro\/wp-content\/uploads\/simple-file-list\/JALON-6C\/MATRICES-DANALYSE-DES-PARTIES-PRENANTES.pdf\" target=\"_blank\">MATRICES-DANALYSE-DES-PARTIES-PRENANTES.pdf<\/a><\/p><p class=\"eeSFL_FileDesc eeHide\"><\/p>\n\t<small class=\"eeSFL_FileListActions\">\n\t\t\t<a class=\"eeSFL_FileListAction eeSFL_FileOpen\" href=\"https:\/\/ht2techinfo.cd\/p\/hydro\/wp-content\/uploads\/simple-file-list\/JALON-6C\/MATRICES-DANALYSE-DES-PARTIES-PRENANTES.pdf\" target=\"_blank\">Ouvrir<\/a>\n\t\t\t<a class=\"eeSFL_FileListAction eeSFL_FileDownload\" href=\"https:\/\/ht2techinfo.cd\/p\/hydro\/wp-content\/uploads\/simple-file-list\/JALON-6C\/MATRICES-DANALYSE-DES-PARTIES-PRENANTES.pdf\" download=\"MATRICES-DANALYSE-DES-PARTIES-PRENANTES.pdf\">T\u00e9l\u00e9charger<\/a>\n\t\t\t<a class=\"eeSFL_FileListAction eeSFL_CopyLinkToClipboard\" onclick=\"eeSFL_CopyLinkToClipboard('https:\/\/ht2techinfo.cd\/p\/hydro\/wp-content\/uploads\/simple-file-list\/JALON-6C\/MATRICES-DANALYSE-DES-PARTIES-PRENANTES.pdf')\" href=\"#\">Copier le lien<\/a>\n\t<\/small><\/td><td class=\"eeSFL_FileSize\">133.19 KB<\/td><td class=\"eeSFL_FileDate\">18 novembre 2025<\/td><\/tr>\n\t\t\t\t\t\n\t\t\t\t\t<tr id=\"eeSFL_RowID-7\"><td class=\"eeSFL_Thumbnail\"><a href=\"https:\/\/ht2techinfo.cd\/p\/hydro\/wp-content\/uploads\/simple-file-list\/JALON-6C\/NOTE-CONCEPTUELLE-DE-LATELIER.pdf\" class=\"eeFileIcon\" target=\"_blank\"><img decoding=\"async\" src=\"https:\/\/ht2techinfo.cd\/p\/hydro\/wp-content\/plugins\/ee-simple-file-list-pro\/images\/thumbnails\/pdf.svg\" width=\"64\" height=\"64\" alt=\"Thumb\" \/><\/a><\/td><td class=\"eeSFL_FileName\"><span class=\"eeSFL_RealFileName eeHide\">NOTE-CONCEPTUELLE-DE-LATELIER.pdf<\/span>\n\t\t<p class=\"eeSFL_FileLink\"><a class=\"eeSFL_FileName\" href=\"https:\/\/ht2techinfo.cd\/p\/hydro\/wp-content\/uploads\/simple-file-list\/JALON-6C\/NOTE-CONCEPTUELLE-DE-LATELIER.pdf\" target=\"_blank\">NOTE-CONCEPTUELLE-DE-LATELIER.pdf<\/a><\/p><p class=\"eeSFL_FileDesc eeHide\"><\/p>\n\t<small class=\"eeSFL_FileListActions\">\n\t\t\t<a class=\"eeSFL_FileListAction eeSFL_FileOpen\" href=\"https:\/\/ht2techinfo.cd\/p\/hydro\/wp-content\/uploads\/simple-file-list\/JALON-6C\/NOTE-CONCEPTUELLE-DE-LATELIER.pdf\" target=\"_blank\">Ouvrir<\/a>\n\t\t\t<a class=\"eeSFL_FileListAction eeSFL_FileDownload\" href=\"https:\/\/ht2techinfo.cd\/p\/hydro\/wp-content\/uploads\/simple-file-list\/JALON-6C\/NOTE-CONCEPTUELLE-DE-LATELIER.pdf\" download=\"NOTE-CONCEPTUELLE-DE-LATELIER.pdf\">T\u00e9l\u00e9charger<\/a>\n\t\t\t<a class=\"eeSFL_FileListAction eeSFL_CopyLinkToClipboard\" onclick=\"eeSFL_CopyLinkToClipboard('https:\/\/ht2techinfo.cd\/p\/hydro\/wp-content\/uploads\/simple-file-list\/JALON-6C\/NOTE-CONCEPTUELLE-DE-LATELIER.pdf')\" href=\"#\">Copier le lien<\/a>\n\t<\/small><\/td><td class=\"eeSFL_FileSize\">282.23 KB<\/td><td class=\"eeSFL_FileDate\">18 novembre 2025<\/td><\/tr>\n\t\n\t<\/tbody><\/table>\n\t\n\t<p class=\"eeHide\">\n\t\t\t<span id=\"eeSFL_FilesCount\">5<\/span>\n\t\t<\/p><\/div><\/div>\n\t\t\t\t<\/div>\n\t\t\t\t<\/div>\n\t\t\t\t\t<\/div>\n\t\t\t\t<\/div>\n\t\t\t\t<\/div>\n\t\t<div id=\"e-n-tab-content-1611208572\" role=\"tabpanel\" aria-labelledby=\"e-n-tab-title-1611208572\" data-tab-index=\"2\" style=\"--n-tabs-title-order: 2;\" class=\" elementor-element elementor-element-d88c949 e-con-full e-flex e-con e-child\" data-id=\"d88c949\" data-element_type=\"container\">\n\t\t<div class=\"elementor-element elementor-element-3a04da6 e-flex e-con-boxed e-con e-child\" data-id=\"3a04da6\" data-element_type=\"container\">\n\t\t\t\t\t<div class=\"e-con-inner\">\n\t\t\t\t<div class=\"elementor-element elementor-element-b530c52 elementor-widget elementor-widget-image-gallery\" data-id=\"b530c52\" data-element_type=\"widget\" data-widget_type=\"image-gallery.default\">\n\t\t\t\t<div class=\"elementor-widget-container\">\n\t\t\t\t\t<div class=\"elementor-image-gallery\">\n\t\t\t\n\t\t<style type=\"text\/css\">\n\t\t\t#gallery-1 {\n\t\t\t\tmargin: auto;\n\t\t\t}\n\t\t\t#gallery-1 .gallery-item {\n\t\t\t\tfloat: left;\n\t\t\t\tmargin-top: 10px;\n\t\t\t\ttext-align: center;\n\t\t\t\twidth: 25%;\n\t\t\t}\n\t\t\t#gallery-1 img {\n\t\t\t\tborder: 2px solid #cfcfcf;\n\t\t\t}\n\t\t\t#gallery-1 .gallery-caption {\n\t\t\t\tmargin-left: 0;\n\t\t\t}\n\t\t\t\/* see gallery_shortcode() in wp-includes\/media.php *\/\n\t\t<\/style>\n\t\t<div id='gallery-1' class='gallery galleryid-7344 gallery-columns-4 gallery-size-egovt_blog_thumb'><dl class='gallery-item'>\n\t\t\t<dt class='gallery-icon portrait'>\n\t\t\t\t<a data-elementor-open-lightbox=\"yes\" data-elementor-lightbox-slideshow=\"b530c52\" data-elementor-lightbox-title=\"WhatsApp Image 2025-11-22 at 14.40.53\" data-e-action-hash=\"#elementor-action%3Aaction%3Dlightbox%26settings%3DeyJpZCI6NzM2NCwidXJsIjoiaHR0cHM6XC9cL2h0MnRlY2hpbmZvLmNkXC9wXC9oeWRyb1wvd3AtY29udGVudFwvdXBsb2Fkc1wvMjAyNVwvMTFcL1doYXRzQXBwLUltYWdlLTIwMjUtMTEtMjItYXQtMTQuNDAuNTMuanBlZyIsInNsaWRlc2hvdyI6ImI1MzBjNTIifQ%3D%3D\" href='https:\/\/ht2techinfo.cd\/p\/hydro\/wp-content\/uploads\/2025\/11\/WhatsApp-Image-2025-11-22-at-14.40.53.jpeg'><img fetchpriority=\"high\" decoding=\"async\" width=\"420\" height=\"560\" src=\"https:\/\/ht2techinfo.cd\/p\/hydro\/wp-content\/uploads\/2025\/11\/WhatsApp-Image-2025-11-22-at-14.40.53-420x560.jpeg\" class=\"attachment-egovt_blog_thumb size-egovt_blog_thumb\" alt=\"\" srcset=\"https:\/\/ht2techinfo.cd\/p\/hydro\/wp-content\/uploads\/2025\/11\/WhatsApp-Image-2025-11-22-at-14.40.53-420x560.jpeg 420w, https:\/\/ht2techinfo.cd\/p\/hydro\/wp-content\/uploads\/2025\/11\/WhatsApp-Image-2025-11-22-at-14.40.53-225x300.jpeg 225w, https:\/\/ht2techinfo.cd\/p\/hydro\/wp-content\/uploads\/2025\/11\/WhatsApp-Image-2025-11-22-at-14.40.53-768x1024.jpeg 768w, https:\/\/ht2techinfo.cd\/p\/hydro\/wp-content\/uploads\/2025\/11\/WhatsApp-Image-2025-11-22-at-14.40.53-450x600.jpeg 450w, https:\/\/ht2techinfo.cd\/p\/hydro\/wp-content\/uploads\/2025\/11\/WhatsApp-Image-2025-11-22-at-14.40.53-600x800.jpeg 600w, https:\/\/ht2techinfo.cd\/p\/hydro\/wp-content\/uploads\/2025\/11\/WhatsApp-Image-2025-11-22-at-14.40.53.jpeg 960w\" sizes=\"(max-width: 420px) 100vw, 420px\" \/><\/a>\n\t\t\t<\/dt><\/dl><dl class='gallery-item'>\n\t\t\t<dt class='gallery-icon portrait'>\n\t\t\t\t<a data-elementor-open-lightbox=\"yes\" data-elementor-lightbox-slideshow=\"b530c52\" data-elementor-lightbox-title=\"WhatsApp Image 2025-11-22 at 14.41.22\" data-e-action-hash=\"#elementor-action%3Aaction%3Dlightbox%26settings%3DeyJpZCI6NzM2NSwidXJsIjoiaHR0cHM6XC9cL2h0MnRlY2hpbmZvLmNkXC9wXC9oeWRyb1wvd3AtY29udGVudFwvdXBsb2Fkc1wvMjAyNVwvMTFcL1doYXRzQXBwLUltYWdlLTIwMjUtMTEtMjItYXQtMTQuNDEuMjIuanBlZyIsInNsaWRlc2hvdyI6ImI1MzBjNTIifQ%3D%3D\" href='https:\/\/ht2techinfo.cd\/p\/hydro\/wp-content\/uploads\/2025\/11\/WhatsApp-Image-2025-11-22-at-14.41.22.jpeg'><img decoding=\"async\" width=\"420\" height=\"560\" src=\"https:\/\/ht2techinfo.cd\/p\/hydro\/wp-content\/uploads\/2025\/11\/WhatsApp-Image-2025-11-22-at-14.41.22-420x560.jpeg\" class=\"attachment-egovt_blog_thumb size-egovt_blog_thumb\" alt=\"\" srcset=\"https:\/\/ht2techinfo.cd\/p\/hydro\/wp-content\/uploads\/2025\/11\/WhatsApp-Image-2025-11-22-at-14.41.22-420x560.jpeg 420w, https:\/\/ht2techinfo.cd\/p\/hydro\/wp-content\/uploads\/2025\/11\/WhatsApp-Image-2025-11-22-at-14.41.22-225x300.jpeg 225w, https:\/\/ht2techinfo.cd\/p\/hydro\/wp-content\/uploads\/2025\/11\/WhatsApp-Image-2025-11-22-at-14.41.22-768x1024.jpeg 768w, https:\/\/ht2techinfo.cd\/p\/hydro\/wp-content\/uploads\/2025\/11\/WhatsApp-Image-2025-11-22-at-14.41.22-450x600.jpeg 450w, https:\/\/ht2techinfo.cd\/p\/hydro\/wp-content\/uploads\/2025\/11\/WhatsApp-Image-2025-11-22-at-14.41.22-600x800.jpeg 600w, https:\/\/ht2techinfo.cd\/p\/hydro\/wp-content\/uploads\/2025\/11\/WhatsApp-Image-2025-11-22-at-14.41.22.jpeg 960w\" sizes=\"(max-width: 420px) 100vw, 420px\" \/><\/a>\n\t\t\t<\/dt><\/dl><dl class='gallery-item'>\n\t\t\t<dt class='gallery-icon portrait'>\n\t\t\t\t<a data-elementor-open-lightbox=\"yes\" data-elementor-lightbox-slideshow=\"b530c52\" data-elementor-lightbox-title=\"WhatsApp Image 2025-11-22 at 14.42.40\" data-e-action-hash=\"#elementor-action%3Aaction%3Dlightbox%26settings%3DeyJpZCI6NzM2NiwidXJsIjoiaHR0cHM6XC9cL2h0MnRlY2hpbmZvLmNkXC9wXC9oeWRyb1wvd3AtY29udGVudFwvdXBsb2Fkc1wvMjAyNVwvMTFcL1doYXRzQXBwLUltYWdlLTIwMjUtMTEtMjItYXQtMTQuNDIuNDAuanBlZyIsInNsaWRlc2hvdyI6ImI1MzBjNTIifQ%3D%3D\" href='https:\/\/ht2techinfo.cd\/p\/hydro\/wp-content\/uploads\/2025\/11\/WhatsApp-Image-2025-11-22-at-14.42.40.jpeg'><img loading=\"lazy\" decoding=\"async\" width=\"420\" height=\"560\" src=\"https:\/\/ht2techinfo.cd\/p\/hydro\/wp-content\/uploads\/2025\/11\/WhatsApp-Image-2025-11-22-at-14.42.40-420x560.jpeg\" class=\"attachment-egovt_blog_thumb size-egovt_blog_thumb\" alt=\"\" srcset=\"https:\/\/ht2techinfo.cd\/p\/hydro\/wp-content\/uploads\/2025\/11\/WhatsApp-Image-2025-11-22-at-14.42.40-420x560.jpeg 420w, https:\/\/ht2techinfo.cd\/p\/hydro\/wp-content\/uploads\/2025\/11\/WhatsApp-Image-2025-11-22-at-14.42.40-225x300.jpeg 225w, https:\/\/ht2techinfo.cd\/p\/hydro\/wp-content\/uploads\/2025\/11\/WhatsApp-Image-2025-11-22-at-14.42.40-450x600.jpeg 450w, https:\/\/ht2techinfo.cd\/p\/hydro\/wp-content\/uploads\/2025\/11\/WhatsApp-Image-2025-11-22-at-14.42.40-600x800.jpeg 600w, https:\/\/ht2techinfo.cd\/p\/hydro\/wp-content\/uploads\/2025\/11\/WhatsApp-Image-2025-11-22-at-14.42.40.jpeg 750w\" sizes=\"(max-width: 420px) 100vw, 420px\" \/><\/a>\n\t\t\t<\/dt><\/dl><dl class='gallery-item'>\n\t\t\t<dt class='gallery-icon portrait'>\n\t\t\t\t<a data-elementor-open-lightbox=\"yes\" data-elementor-lightbox-slideshow=\"b530c52\" data-elementor-lightbox-title=\"WhatsApp Image 2025-11-22 at 14.44.02\" data-e-action-hash=\"#elementor-action%3Aaction%3Dlightbox%26settings%3DeyJpZCI6NzM2NywidXJsIjoiaHR0cHM6XC9cL2h0MnRlY2hpbmZvLmNkXC9wXC9oeWRyb1wvd3AtY29udGVudFwvdXBsb2Fkc1wvMjAyNVwvMTFcL1doYXRzQXBwLUltYWdlLTIwMjUtMTEtMjItYXQtMTQuNDQuMDIuanBlZyIsInNsaWRlc2hvdyI6ImI1MzBjNTIifQ%3D%3D\" href='https:\/\/ht2techinfo.cd\/p\/hydro\/wp-content\/uploads\/2025\/11\/WhatsApp-Image-2025-11-22-at-14.44.02.jpeg'><img loading=\"lazy\" decoding=\"async\" width=\"420\" height=\"560\" src=\"https:\/\/ht2techinfo.cd\/p\/hydro\/wp-content\/uploads\/2025\/11\/WhatsApp-Image-2025-11-22-at-14.44.02-420x560.jpeg\" class=\"attachment-egovt_blog_thumb size-egovt_blog_thumb\" alt=\"\" srcset=\"https:\/\/ht2techinfo.cd\/p\/hydro\/wp-content\/uploads\/2025\/11\/WhatsApp-Image-2025-11-22-at-14.44.02-420x560.jpeg 420w, https:\/\/ht2techinfo.cd\/p\/hydro\/wp-content\/uploads\/2025\/11\/WhatsApp-Image-2025-11-22-at-14.44.02-225x300.jpeg 225w, https:\/\/ht2techinfo.cd\/p\/hydro\/wp-content\/uploads\/2025\/11\/WhatsApp-Image-2025-11-22-at-14.44.02-450x600.jpeg 450w, https:\/\/ht2techinfo.cd\/p\/hydro\/wp-content\/uploads\/2025\/11\/WhatsApp-Image-2025-11-22-at-14.44.02-600x800.jpeg 600w, https:\/\/ht2techinfo.cd\/p\/hydro\/wp-content\/uploads\/2025\/11\/WhatsApp-Image-2025-11-22-at-14.44.02.jpeg 750w\" sizes=\"(max-width: 420px) 100vw, 420px\" \/><\/a>\n\t\t\t<\/dt><\/dl><br style=\"clear: both\" \/>\n\t\t<\/div>\n\t\t<\/div>\n\t\t\t\t<\/div>\n\t\t\t\t<\/div>\n\t\t\t\t\t<\/div>\n\t\t\t\t<\/div>\n\t\t\t\t<\/div>\n\t\t\t\t\t<\/div>\n\t\t<\/div>\n\t\t\t\t<\/div>\n\t\t\t\t<\/div>\n\t\t\t\t\t<\/div>\n\t\t\t\t<\/div>\n\t\t\t\t<\/div>\n\t\t","protected":false},"excerpt":{"rendered":"<p>Le Minist\u00e8re des Hydrocarbures, \u00e0 travers son Secr\u00e9tariat G\u00e9n\u00e9ral, b\u00e9n\u00e9ficie d\u2019un appui technique du Programme des Nations Unies pour le D\u00e9veloppement (PNUD) et l\u2019accompagnement financier de l\u2019Initiative de la For\u00eat d\u2019Afrique Centrale (CAFI) \u00e0 travers le Fonds National REDD dans le cadre de la mise en \u0153uvre de la strat\u00e9gie REDD+. Cet appui s\u2019inscrit dans [&hellip;]<\/p>\n","protected":false},"author":1,"featured_media":0,"parent":0,"menu_order":0,"comment_status":"closed","ping_status":"closed","template":"elementor_header_footer","meta":{"give_campaign_id":0,"footnotes":""},"class_list":["post-7344","page","type-page","status-publish","hentry"],"campaignId":"","_links":{"self":[{"href":"https:\/\/ht2techinfo.cd\/p\/hydro\/wp-json\/wp\/v2\/pages\/7344","targetHints":{"allow":["GET"]}}],"collection":[{"href":"https:\/\/ht2techinfo.cd\/p\/hydro\/wp-json\/wp\/v2\/pages"}],"about":[{"href":"https:\/\/ht2techinfo.cd\/p\/hydro\/wp-json\/wp\/v2\/types\/page"}],"author":[{"embeddable":true,"href":"https:\/\/ht2techinfo.cd\/p\/hydro\/wp-json\/wp\/v2\/users\/1"}],"replies":[{"embeddable":true,"href":"https:\/\/ht2techinfo.cd\/p\/hydro\/wp-json\/wp\/v2\/comments?post=7344"}],"version-history":[{"count":13,"href":"https:\/\/ht2techinfo.cd\/p\/hydro\/wp-json\/wp\/v2\/pages\/7344\/revisions"}],"predecessor-version":[{"id":7407,"href":"https:\/\/ht2techinfo.cd\/p\/hydro\/wp-json\/wp\/v2\/pages\/7344\/revisions\/7407"}],"wp:attachment":[{"href":"https:\/\/ht2techinfo.cd\/p\/hydro\/wp-json\/wp\/v2\/media?parent=7344"}],"curies":[{"name":"wp","href":"https:\/\/api.w.org\/{rel}","templated":true}]}}